{"id":26328,"date":"2022-11-18T15:56:29","date_gmt":"2022-11-18T14:56:29","guid":{"rendered":"https:\/\/proper-english.com\/faq\/"},"modified":"2024-01-17T15:16:20","modified_gmt":"2024-01-17T14:16:20","slug":"faq","status":"publish","type":"page","link":"https:\/\/proper-english.com\/en\/faq\/","title":{"rendered":"FAQ"},"content":{"rendered":"<p>[et_pb_section fb_built=&#8221;1&#8243; next_background_color=&#8221;#ffffff&#8221; admin_label=&#8221;Hero Section&#8221; _builder_version=&#8221;4.16.0&#8243; use_background_color_gradient=&#8221;on&#8221; background_color_gradient_stops=&#8221;rgba(0,0,0,0.4) 0%|rgba(0,0,0,0.4) 100%&#8221; background_color_gradient_overlays_image=&#8221;on&#8221; background_color_gradient_start=&#8221;rgba(0,0,0,0.4)&#8221; background_color_gradient_end=&#8221;rgba(0,0,0,0.4)&#8221; background_image=&#8221;https:\/\/proper-english.com\/wp-content\/uploads\/2022\/11\/writing_img-scaled.jpg&#8221; background_position=&#8221;center_right&#8221; custom_padding=&#8221;10%||10%||true|false&#8221; bottom_divider_style=&#8221;slant&#8221; bottom_divider_height=&#8221;60px&#8221; global_colors_info=&#8221;{}&#8221; background_color_gradient_direction__hover=&#8221;180deg&#8221; background_color_gradient_direction__hover_enabled=&#8221;180deg&#8221; background_color_gradient_start_position__hover=&#8221;0%&#8221; background_color_gradient_start_position__hover_enabled=&#8221;0%&#8221; background_color_gradient_end_position__hover=&#8221;100%&#8221; background_color_gradient_end_position__hover_enabled=&#8221;100%&#8221;][et_pb_row admin_label=&#8221;Page Title Area&#8221; _builder_version=&#8221;4.16&#8243; global_colors_info=&#8221;{}&#8221;][et_pb_column type=&#8221;4_4&#8243; _builder_version=&#8221;4.16&#8243; custom_padding=&#8221;|||&#8221; global_colors_info=&#8221;{}&#8221; custom_padding__hover=&#8221;|||&#8221;][et_pb_text admin_label=&#8221;Hero Section Title&#8221; _builder_version=&#8221;4.19.1&#8243; text_font=&#8221;Montserrat||||||||&#8221; text_font_size=&#8221;18px&#8221; text_line_height=&#8221;1.8em&#8221; header_font=&#8221;|600||on|||||&#8221; header_font_size=&#8221;48px&#8221; header_letter_spacing=&#8221;3px&#8221; header_line_height=&#8221;1.3em&#8221; header_2_font=&#8221;Montserrat|700|||||||&#8221; header_2_text_color=&#8221;rgba(255,255,255,0.6)&#8221; header_2_font_size=&#8221;90px&#8221; header_2_letter_spacing=&#8221;3px&#8221; header_2_line_height=&#8221;1.1em&#8221; text_orientation=&#8221;center&#8221; background_layout=&#8221;dark&#8221; max_width=&#8221;700px&#8221; module_alignment=&#8221;center&#8221; custom_margin=&#8221;|||&#8221; animation_style=&#8221;fade&#8221; animation_direction=&#8221;bottom&#8221; header_font_size_tablet=&#8221;&#8221; header_font_size_phone=&#8221;28px&#8221; header_font_size_last_edited=&#8221;on|phone&#8221; header_2_font_size_tablet=&#8221;&#8221; header_2_font_size_phone=&#8221;50px&#8221; header_2_font_size_last_edited=&#8221;on|phone&#8221; global_colors_info=&#8221;{}&#8221;]<\/p>\n<h1>Questions and answers<\/h1>\n<p>Here we answer some questions that we often get<\/p>\n<p>[\/et_pb_text][et_pb_button button_url=&#8221;@ET-DC@eyJkeW5hbWljIjp0cnVlLCJjb250ZW50IjoicG9zdF9saW5rX3VybF9wYWdlIiwic2V0dGluZ3MiOnsicG9zdF9pZCI6IjI2MTY0IiwiZW5hYmxlX2h0bWwiOiJvZmYifX0=@&#8221; button_text=&#8221;Contact us&#8221; button_alignment=&#8221;center&#8221; _builder_version=&#8221;4.19.2&#8243; _dynamic_attributes=&#8221;button_url&#8221; custom_button=&#8221;on&#8221; button_text_size=&#8221;16px&#8221; button_text_color=&#8221;#ffffff&#8221; button_bg_color=&#8221;#ff0808&#8243; button_border_width=&#8221;0px&#8221; button_letter_spacing=&#8221;2px&#8221; button_font=&#8221;|600||on|||||&#8221; custom_margin=&#8221;|||&#8221; custom_padding=&#8221;12px||12px|&#8221; animation_style=&#8221;fade&#8221; button_letter_spacing_hover=&#8221;2px&#8221; locked=&#8221;off&#8221; global_colors_info=&#8221;{}&#8221; button_text_size__hover_enabled=&#8221;off&#8221; button_one_text_size__hover_enabled=&#8221;off&#8221; button_two_text_size__hover_enabled=&#8221;off&#8221; button_text_color__hover_enabled=&#8221;off&#8221; button_one_text_color__hover_enabled=&#8221;off&#8221; button_two_text_color__hover_enabled=&#8221;off&#8221; button_border_width__hover_enabled=&#8221;off&#8221; button_one_border_width__hover_enabled=&#8221;off&#8221; button_two_border_width__hover_enabled=&#8221;off&#8221; button_border_color__hover_enabled=&#8221;off&#8221; button_one_border_color__hover_enabled=&#8221;off&#8221; button_two_border_color__hover_enabled=&#8221;off&#8221; button_border_radius__hover_enabled=&#8221;off&#8221; button_one_border_radius__hover_enabled=&#8221;off&#8221; button_two_border_radius__hover_enabled=&#8221;off&#8221; button_letter_spacing__hover_enabled=&#8221;on&#8221; button_letter_spacing__hover=&#8221;2px&#8221; button_one_letter_spacing__hover_enabled=&#8221;off&#8221; button_two_letter_spacing__hover_enabled=&#8221;off&#8221; button_bg_color__hover_enabled=&#8221;off&#8221; button_one_bg_color__hover_enabled=&#8221;off&#8221; button_two_bg_color__hover_enabled=&#8221;off&#8221;][\/et_pb_button][\/et_pb_column][\/et_pb_row][\/et_pb_section][et_pb_section fb_built=&#8221;1&#8243; admin_label=&#8221;FAQ Section&#8221; _builder_version=&#8221;4.16&#8243; custom_padding=&#8221;90px||90px|&#8221; global_colors_info=&#8221;{}&#8221;][et_pb_row admin_label=&#8221;FAQ&#8221; _builder_version=&#8221;4.16&#8243; max_width=&#8221;900px&#8221; use_custom_width=&#8221;on&#8221; custom_width_px=&#8221;900px&#8221; global_colors_info=&#8221;{}&#8221;][et_pb_column type=&#8221;4_4&#8243; _builder_version=&#8221;4.16&#8243; custom_padding=&#8221;|||&#8221; global_colors_info=&#8221;{}&#8221; custom_padding__hover=&#8221;|||&#8221;][et_pb_accordion open_toggle_background_color=&#8221;rgba(0,0,0,0.03)&#8221; closed_toggle_background_color=&#8221;rgba(0,0,0,0)&#8221; icon_color=&#8221;#ff0808&#8243; _builder_version=&#8221;4.19.2&#8243; toggle_text_color=&#8221;#333333&#8243; toggle_font=&#8221;||||||||&#8221; toggle_line_height=&#8221;1.5em&#8221; body_font=&#8221;||||||||&#8221; body_font_size=&#8221;16px&#8221; body_line_height=&#8221;1.8em&#8221; border_style_all=&#8221;none&#8221; global_colors_info=&#8221;{}&#8221;][et_pb_accordion_item title=&#8221;How fast can you language edit\/translate my article?&#8221; _builder_version=&#8221;4.19.2&#8243; global_colors_info=&#8221;{}&#8221; open=&#8221;on&#8221;]We can usually return an article for editing in seven to ten working days. Translation usually takes longer. When we receive a request, we always return with a price and time estimate. If you have a tight deadline, e-mail or call us to find out if we can meet it. If you know that you will be needing language editing or translation at a later date, it is a good idea to make a booking.[\/et_pb_accordion_item][et_pb_accordion_item title=&#8221;How much will it cost to language edit\/translate my paper?&#8221; _builder_version=&#8221;4.19.2&#8243; global_colors_info=&#8221;{}&#8221; open=&#8221;off&#8221;]Send it to us and we will answer with a price and time estimate. We charge 550 SEK per hour for language editing. In general, we can edit 600-1000 words per hour depending on the subject area and language quality. We always specify a maximum price and if the work goes faster than we estimated, the final price will be lower. For translation we need to see the text to provide a price estimate.[\/et_pb_accordion_item][et_pb_accordion_item title=&#8221;Are your language editors\/translators native English-speakers?&#8221; _builder_version=&#8221;4.19.2&#8243; global_colors_info=&#8221;{}&#8221; open=&#8221;off&#8221;]All our editors and translators are native English-speakers.[\/et_pb_accordion_item][et_pb_accordion_item title=&#8221;Spr\u00e5kgranskar ni svenska texter?&#8221; _builder_version=&#8221;4.19.2&#8243; global_colors_info=&#8221;{}&#8221; open=&#8221;off&#8221;]Ja, vi spr\u00e5kgranskar \u00e4ven texter p\u00e5 svenska, d\u00e5 givetvis med svenska spr\u00e5kgranskare.[\/et_pb_accordion_item][et_pb_accordion_item title=&#8221;\u00d6vers\u00e4tter ni texter \u00e4ven till svenska?&#8221; _builder_version=&#8221;4.19.2&#8243; global_colors_info=&#8221;{}&#8221; open=&#8221;off&#8221;]Ja, vi \u00f6vers\u00e4tter ocks\u00e5 texter till svenska och de \u00f6vers\u00e4ttarna har svenska som modersm\u00e5l. [\/et_pb_accordion_item][et_pb_accordion_item title=&#8221;Can you edit\/translate a paper in my topic?&#8221; _builder_version=&#8221;4.19.2&#8243; global_colors_info=&#8221;{}&#8221; open=&#8221;off&#8221;]We have language editors and translators with academic training in most scholarly and scientific fields. Our language editors and translators have extensive experience with academic language and strive to ensure that your text is adequate for the terminology of your subject. Please point out if there are certain technical terms you want to use\/keep.[\/et_pb_accordion_item][et_pb_accordion_item title=&#8221;How do you mark the edited documents?&#8221; _builder_version=&#8221;4.19.2&#8243; global_colors_info=&#8221;{}&#8221; open=&#8221;off&#8221;]When we language edit an article, the editor makes changes directly in the document, and marks all changes with Word&#8217;s &#8220;Track Changes&#8221; function. This makes it easy to see what changes have been made, and easy to correctly incorporate the editor&#8217;s suggestions. Comments from the editor are also included with every returned document, pointing out if anything needs to be clarified or looked at again.[\/et_pb_accordion_item][et_pb_accordion_item title=&#8221;Kan jag \u00e5terkomma till er n\u00e4r jag har f\u00e5tt tillbaka texten om jag har fr\u00e5gor eller kommentarer?&#8221; open=&#8221;off&#8221; _builder_version=&#8221;4.19.2&#8243; global_colors_info=&#8221;{}&#8221;]Det g\u00e5r mycket bra att f\u00f6lja upp med fr\u00e5gor eller f\u00f6rtydliganden f\u00f6r att kontrollera med granskare eller \u00f6vers\u00e4ttare.[\/et_pb_accordion_item][\/et_pb_accordion][\/et_pb_column][\/et_pb_row][\/et_pb_section]<\/p>\n","protected":false},"excerpt":{"rendered":"<p>Questions and answers Here we answer some questions that we often getWe can usually return an article for editing in seven to ten working days. Translation usually takes longer. When we receive a request, we always return with a price and time estimate. If you have a tight deadline, e-mail or call us to find [&hellip;]<\/p>\n","protected":false},"author":1,"featured_media":0,"parent":0,"menu_order":0,"comment_status":"closed","ping_status":"closed","template":"","meta":{"_et_pb_use_builder":"on","_et_pb_old_content":"","_et_gb_content_width":"","footnotes":""},"class_list":["post-26328","page","type-page","status-publish","hentry"],"yoast_head":"<!-- This site is optimized with the Yoast SEO plugin v27.4 - https:\/\/yoast.com\/product\/yoast-seo-wordpress\/ -->\n<title>FAQ - P.E Proper English AB<\/title>\n<meta name=\"robots\" content=\"index, follow, max-snippet:-1, max-image-preview:large, max-video-preview:-1\" \/>\n<link rel=\"canonical\" href=\"https:\/\/proper-english.com\/en\/faq\/\" \/>\n<meta property=\"og:locale\" content=\"en_US\" \/>\n<meta property=\"og:type\" content=\"article\" \/>\n<meta property=\"og:title\" content=\"FAQ - P.E Proper English AB\" \/>\n<meta property=\"og:description\" content=\"Questions and answers Here we answer some questions that we often getWe can usually return an article for editing in seven to ten working days. Translation usually takes longer. When we receive a request, we always return with a price and time estimate. If you have a tight deadline, e-mail or call us to find [&hellip;]\" \/>\n<meta property=\"og:url\" content=\"https:\/\/proper-english.com\/en\/faq\/\" \/>\n<meta property=\"og:site_name\" content=\"P.E Proper English AB\" \/>\n<meta property=\"article:modified_time\" content=\"2024-01-17T14:16:20+00:00\" \/>\n<meta name=\"twitter:card\" content=\"summary_large_image\" \/>\n<meta name=\"twitter:label1\" content=\"Est. reading time\" \/>\n\t<meta name=\"twitter:data1\" content=\"6 minutes\" \/>\n<script type=\"application\/ld+json\" class=\"yoast-schema-graph\">{\"@context\":\"https:\\\/\\\/schema.org\",\"@graph\":[{\"@type\":\"WebPage\",\"@id\":\"https:\\\/\\\/proper-english.com\\\/en\\\/faq\\\/\",\"url\":\"https:\\\/\\\/proper-english.com\\\/en\\\/faq\\\/\",\"name\":\"FAQ - P.E Proper English AB\",\"isPartOf\":{\"@id\":\"https:\\\/\\\/proper-english.com\\\/#website\"},\"datePublished\":\"2022-11-18T14:56:29+00:00\",\"dateModified\":\"2024-01-17T14:16:20+00:00\",\"breadcrumb\":{\"@id\":\"https:\\\/\\\/proper-english.com\\\/en\\\/faq\\\/#breadcrumb\"},\"inLanguage\":\"en-US\",\"potentialAction\":[{\"@type\":\"ReadAction\",\"target\":[\"https:\\\/\\\/proper-english.com\\\/en\\\/faq\\\/\"]}]},{\"@type\":\"BreadcrumbList\",\"@id\":\"https:\\\/\\\/proper-english.com\\\/en\\\/faq\\\/#breadcrumb\",\"itemListElement\":[{\"@type\":\"ListItem\",\"position\":1,\"name\":\"Hem\",\"item\":\"https:\\\/\\\/proper-english.com\\\/en\\\/start\\\/\"},{\"@type\":\"ListItem\",\"position\":2,\"name\":\"FAQ\"}]},{\"@type\":\"WebSite\",\"@id\":\"https:\\\/\\\/proper-english.com\\\/#website\",\"url\":\"https:\\\/\\\/proper-english.com\\\/\",\"name\":\"P.E Proper English AB\",\"description\":\"\",\"publisher\":{\"@id\":\"https:\\\/\\\/proper-english.com\\\/#organization\"},\"potentialAction\":[{\"@type\":\"SearchAction\",\"target\":{\"@type\":\"EntryPoint\",\"urlTemplate\":\"https:\\\/\\\/proper-english.com\\\/?s={search_term_string}\"},\"query-input\":{\"@type\":\"PropertyValueSpecification\",\"valueRequired\":true,\"valueName\":\"search_term_string\"}}],\"inLanguage\":\"en-US\"},{\"@type\":\"Organization\",\"@id\":\"https:\\\/\\\/proper-english.com\\\/#organization\",\"name\":\"P.E Proper English AB\",\"url\":\"https:\\\/\\\/proper-english.com\\\/\",\"logo\":{\"@type\":\"ImageObject\",\"inLanguage\":\"en-US\",\"@id\":\"https:\\\/\\\/proper-english.com\\\/#\\\/schema\\\/logo\\\/image\\\/\",\"url\":\"https:\\\/\\\/proper-english.com\\\/wp-content\\\/uploads\\\/2022\\\/11\\\/logo071.png\",\"contentUrl\":\"https:\\\/\\\/proper-english.com\\\/wp-content\\\/uploads\\\/2022\\\/11\\\/logo071.png\",\"width\":213,\"height\":75,\"caption\":\"P.E Proper English AB\"},\"image\":{\"@id\":\"https:\\\/\\\/proper-english.com\\\/#\\\/schema\\\/logo\\\/image\\\/\"}}]}<\/script>\n<!-- \/ Yoast SEO plugin. -->","yoast_head_json":{"title":"FAQ - P.E Proper English AB","robots":{"index":"index","follow":"follow","max-snippet":"max-snippet:-1","max-image-preview":"max-image-preview:large","max-video-preview":"max-video-preview:-1"},"canonical":"https:\/\/proper-english.com\/en\/faq\/","og_locale":"en_US","og_type":"article","og_title":"FAQ - P.E Proper English AB","og_description":"Questions and answers Here we answer some questions that we often getWe can usually return an article for editing in seven to ten working days. Translation usually takes longer. When we receive a request, we always return with a price and time estimate. If you have a tight deadline, e-mail or call us to find [&hellip;]","og_url":"https:\/\/proper-english.com\/en\/faq\/","og_site_name":"P.E Proper English AB","article_modified_time":"2024-01-17T14:16:20+00:00","twitter_card":"summary_large_image","twitter_misc":{"Est. reading time":"6 minutes"},"schema":{"@context":"https:\/\/schema.org","@graph":[{"@type":"WebPage","@id":"https:\/\/proper-english.com\/en\/faq\/","url":"https:\/\/proper-english.com\/en\/faq\/","name":"FAQ - P.E Proper English AB","isPartOf":{"@id":"https:\/\/proper-english.com\/#website"},"datePublished":"2022-11-18T14:56:29+00:00","dateModified":"2024-01-17T14:16:20+00:00","breadcrumb":{"@id":"https:\/\/proper-english.com\/en\/faq\/#breadcrumb"},"inLanguage":"en-US","potentialAction":[{"@type":"ReadAction","target":["https:\/\/proper-english.com\/en\/faq\/"]}]},{"@type":"BreadcrumbList","@id":"https:\/\/proper-english.com\/en\/faq\/#breadcrumb","itemListElement":[{"@type":"ListItem","position":1,"name":"Hem","item":"https:\/\/proper-english.com\/en\/start\/"},{"@type":"ListItem","position":2,"name":"FAQ"}]},{"@type":"WebSite","@id":"https:\/\/proper-english.com\/#website","url":"https:\/\/proper-english.com\/","name":"P.E Proper English AB","description":"","publisher":{"@id":"https:\/\/proper-english.com\/#organization"},"potentialAction":[{"@type":"SearchAction","target":{"@type":"EntryPoint","urlTemplate":"https:\/\/proper-english.com\/?s={search_term_string}"},"query-input":{"@type":"PropertyValueSpecification","valueRequired":true,"valueName":"search_term_string"}}],"inLanguage":"en-US"},{"@type":"Organization","@id":"https:\/\/proper-english.com\/#organization","name":"P.E Proper English AB","url":"https:\/\/proper-english.com\/","logo":{"@type":"ImageObject","inLanguage":"en-US","@id":"https:\/\/proper-english.com\/#\/schema\/logo\/image\/","url":"https:\/\/proper-english.com\/wp-content\/uploads\/2022\/11\/logo071.png","contentUrl":"https:\/\/proper-english.com\/wp-content\/uploads\/2022\/11\/logo071.png","width":213,"height":75,"caption":"P.E Proper English AB"},"image":{"@id":"https:\/\/proper-english.com\/#\/schema\/logo\/image\/"}}]}},"_links":{"self":[{"href":"https:\/\/proper-english.com\/en\/wp-json\/wp\/v2\/pages\/26328","targetHints":{"allow":["GET"]}}],"collection":[{"href":"https:\/\/proper-english.com\/en\/wp-json\/wp\/v2\/pages"}],"about":[{"href":"https:\/\/proper-english.com\/en\/wp-json\/wp\/v2\/types\/page"}],"author":[{"embeddable":true,"href":"https:\/\/proper-english.com\/en\/wp-json\/wp\/v2\/users\/1"}],"replies":[{"embeddable":true,"href":"https:\/\/proper-english.com\/en\/wp-json\/wp\/v2\/comments?post=26328"}],"version-history":[{"count":15,"href":"https:\/\/proper-english.com\/en\/wp-json\/wp\/v2\/pages\/26328\/revisions"}],"predecessor-version":[{"id":26462,"href":"https:\/\/proper-english.com\/en\/wp-json\/wp\/v2\/pages\/26328\/revisions\/26462"}],"wp:attachment":[{"href":"https:\/\/proper-english.com\/en\/wp-json\/wp\/v2\/media?parent=26328"}],"curies":[{"name":"wp","href":"https:\/\/api.w.org\/{rel}","templated":true}]}}